{"id":22,"date":"2019-11-18T10:11:50","date_gmt":"2019-11-18T10:11:50","guid":{"rendered":"http:\/\/mint-verden.de\/?page_id=22"},"modified":"2023-09-22T15:42:16","modified_gmt":"2023-09-22T15:42:16","slug":"impressum","status":"publish","type":"page","link":"https:\/\/mint-verden.de\/?page_id=22","title":{"rendered":"Impressum"},"content":{"rendered":"\n<h2 class=\"wp-block-heading\">Angaben gem\u00e4\u00df \u00a7 5 TMG:<\/h2>\n\n\n\n<p>MINT-Kompetenzzentrum f\u00fcr den Landkreis Verden e.V.<br>Neue Schulstra\u00dfe 5<br>27283 Verden<\/p>\n\n\n\n<h2 class=\"wp-block-heading\">Vertreten durch:<\/h2>\n\n\n\n<p>Dr. J\u00f6rg Peters (Vorsitzender)<\/p>\n\n\n\n<h2 class=\"wp-block-heading\">Kontakt:<\/h2>\n\n\n\n<figure class=\"wp-block-table\"><table><tbody><tr><td>Telefon:<\/td><td>0 42 31 \/ 62399<\/td><\/tr><tr><td>E-Mail:<\/td><td>Vorsitzender@mint-verden.de<\/td><\/tr><tr><td><\/td><td><\/td><\/tr><\/tbody><\/table><\/figure>\n\n\n\n<h2 class=\"wp-block-heading\">Registereintrag:<\/h2>\n\n\n\n<p>Eintragung im Vereinsregister.<br>Registergericht:Amtgericht Walsrode<br>Registernummer: 201531<\/p>\n\n\n\n<h2 class=\"wp-block-heading\">Verantwortlich f\u00fcr den Inhalt nach \u00a7 55 Abs. 2 RStV:<\/h2>\n\n\n\n<p>Dr. J\u00f6rg Peters<br>Dettingenstr. 17 a<br>27283 Verden<\/p>\n","protected":false},"excerpt":{"rendered":"<p>Angaben gem\u00e4\u00df \u00a7 5 TMG: MINT-Kompetenzzentrum f\u00fcr den Landkreis Verden e.V.Neue Schulstra\u00dfe 527283 Verden Vertreten durch: Dr. J\u00f6rg Peters (Vorsitzender) Kontakt: Telefon: 0 42 31 \/ 62399 E-Mail: Vorsitzender@mint-verden.de Registereintrag: Eintragung im Vereinsregister.Registergericht:Amtgericht WalsrodeRegisternummer: 201531 Verantwortlich f\u00fcr den Inhalt nach &hellip; <a href=\"https:\/\/mint-verden.de\/?page_id=22\">Weiterlesen <span class=\"meta-nav\">&rarr;<\/span><\/a><\/p>\n","protected":false},"author":1,"featured_media":0,"parent":0,"menu_order":12,"comment_status":"closed","ping_status":"closed","template":"","meta":{"footnotes":""},"class_list":["post-22","page","type-page","status-publish","hentry"],"_links":{"self":[{"href":"https:\/\/mint-verden.de\/index.php?rest_route=\/wp\/v2\/pages\/22","targetHints":{"allow":["GET"]}}],"collection":[{"href":"https:\/\/mint-verden.de\/index.php?rest_route=\/wp\/v2\/pages"}],"about":[{"href":"https:\/\/mint-verden.de\/index.php?rest_route=\/wp\/v2\/types\/page"}],"author":[{"embeddable":true,"href":"https:\/\/mint-verden.de\/index.php?rest_route=\/wp\/v2\/users\/1"}],"replies":[{"embeddable":true,"href":"https:\/\/mint-verden.de\/index.php?rest_route=%2Fwp%2Fv2%2Fcomments&post=22"}],"version-history":[{"count":5,"href":"https:\/\/mint-verden.de\/index.php?rest_route=\/wp\/v2\/pages\/22\/revisions"}],"predecessor-version":[{"id":476,"href":"https:\/\/mint-verden.de\/index.php?rest_route=\/wp\/v2\/pages\/22\/revisions\/476"}],"wp:attachment":[{"href":"https:\/\/mint-verden.de\/index.php?rest_route=%2Fwp%2Fv2%2Fmedia&parent=22"}],"curies":[{"name":"wp","href":"https:\/\/api.w.org\/{rel}","templated":true}]}}