{"id":314,"date":"2022-02-23T13:26:17","date_gmt":"2022-02-23T13:26:17","guid":{"rendered":"https:\/\/mint-verden.de\/?page_id=314"},"modified":"2022-04-22T14:38:46","modified_gmt":"2022-04-22T14:38:46","slug":"mini-phaenomenta","status":"publish","type":"page","link":"https:\/\/mint-verden.de\/?page_id=314","title":{"rendered":"MINI-Ph\u00e4nomenta"},"content":{"rendered":"\n<figure class=\"wp-block-image size-large\"><img loading=\"lazy\" decoding=\"async\" width=\"1024\" height=\"683\" src=\"https:\/\/mint-verden.de\/wp-content\/uploads\/2022\/02\/IMG_8522_klein-1024x683.jpg\" alt=\"\" class=\"wp-image-316\" srcset=\"https:\/\/mint-verden.de\/wp-content\/uploads\/2022\/02\/IMG_8522_klein-1024x683.jpg 1024w, https:\/\/mint-verden.de\/wp-content\/uploads\/2022\/02\/IMG_8522_klein-300x200.jpg 300w, https:\/\/mint-verden.de\/wp-content\/uploads\/2022\/02\/IMG_8522_klein-768x512.jpg 768w, https:\/\/mint-verden.de\/wp-content\/uploads\/2022\/02\/IMG_8522_klein-1536x1024.jpg 1536w, https:\/\/mint-verden.de\/wp-content\/uploads\/2022\/02\/IMG_8522_klein-2048x1365.jpg 2048w, https:\/\/mint-verden.de\/wp-content\/uploads\/2022\/02\/IMG_8522_klein-450x300.jpg 450w\" sizes=\"auto, (max-width: 1024px) 100vw, 1024px\" \/><\/figure>\n\n\n\n<p>Nach einer Idee von Professor Lutz Fiesser der Universit\u00e4t Flensburg sollen Sch\u00fclerinnen und Sch\u00fcler auf den Schulfluren Ph\u00e4nomenen begegnen, ohne dass diese von Lehrern erl\u00e4utert werden. Die eigene Erfahrung im Umgang mit den Exponaten ist eine der haupts\u00e4chlichen Ziele dieser Sammlung von spannenden Experimenten.<\/p>\n\n\n\n<p>\u201eNicht alle Ph\u00e4nomene erschlie\u00dfen sich f\u00fcr die Kinder sofort. Gerade das macht aber neugierig, f\u00fchrt zu Gespr\u00e4chen und f\u00f6rdert eigenen Forscherdrang. Ist dann ein Zusammenhang eventuell erst nach Wochen erkannt, hat dieser Prozess seine Spuren im Denken des Kindes hinterlassen: \u201eIch kann etwas selbstst\u00e4ndig herausfinden, habe begriffen und dabei festgestellt, dass das Spa\u00df macht!\u201c\u201c [Fiesser, Lutz: MINIPH\u00c4NOMENTA, elementare Erfahrungen.]<\/p>\n\n\n\n<p>Das MINT-Kompetenzzentrum f\u00fcr den Landkreis Verden e. V. hat mit Mitteln der Kreissparkasse Verden die Experimentierstationen der Friedrich-Ludwig-Jahn-Grundschule und der L\u00f6nswegschule Verden reaktiviert und weitere Stationen gebaut. <\/p>\n\n\n\n<figure class=\"wp-block-image size-large\"><img loading=\"lazy\" decoding=\"async\" width=\"1024\" height=\"683\" src=\"https:\/\/mint-verden.de\/wp-content\/uploads\/2022\/02\/IMG_8531_klein.jpg\" alt=\"\" class=\"wp-image-317\" srcset=\"https:\/\/mint-verden.de\/wp-content\/uploads\/2022\/02\/IMG_8531_klein.jpg 1024w, https:\/\/mint-verden.de\/wp-content\/uploads\/2022\/02\/IMG_8531_klein-300x200.jpg 300w, https:\/\/mint-verden.de\/wp-content\/uploads\/2022\/02\/IMG_8531_klein-768x512.jpg 768w, https:\/\/mint-verden.de\/wp-content\/uploads\/2022\/02\/IMG_8531_klein-450x300.jpg 450w\" sizes=\"auto, (max-width: 1024px) 100vw, 1024px\" \/><figcaption>Herr Knak, Vorstand der Kreissparkasse Verden, erforscht das &#8222;Richtungsh\u00f6ren&#8220;<\/figcaption><\/figure>\n\n\n\n<p>Transporte \u00fcbernahm die Firma&nbsp;BLOCK Transformatoren-Elektronik GmbH.<\/p>\n\n\n\n<figure class=\"wp-block-image size-large\"><img loading=\"lazy\" decoding=\"async\" width=\"1024\" height=\"683\" src=\"https:\/\/mint-verden.de\/wp-content\/uploads\/2022\/02\/IMG_8414_klein.jpg\" alt=\"\" class=\"wp-image-318\" srcset=\"https:\/\/mint-verden.de\/wp-content\/uploads\/2022\/02\/IMG_8414_klein.jpg 1024w, https:\/\/mint-verden.de\/wp-content\/uploads\/2022\/02\/IMG_8414_klein-300x200.jpg 300w, https:\/\/mint-verden.de\/wp-content\/uploads\/2022\/02\/IMG_8414_klein-768x512.jpg 768w, https:\/\/mint-verden.de\/wp-content\/uploads\/2022\/02\/IMG_8414_klein-450x300.jpg 450w\" sizes=\"auto, (max-width: 1024px) 100vw, 1024px\" \/><figcaption>Frau St\u00fcven (Mitte) \u00fcbergibt die Sammlung der Friedrich-Ludwig-Jahngrundschule an Herrn Osswald (Links) vom MINT-Kompetenzzentrum, Herr Rippel (Rechts) von der Firma Block Transformatoren-Elektronik GmbH \u00fcbernimmt den Transport<\/figcaption><\/figure>\n\n\n\n<p>Die Ausstellung ist als Wanderausstellung konzipiert und kann in Teilen oder insgesamt von Schulen im Landkreis Verden ausgeliehen werden. Zum einen soll mit der Wanderausstellung das Interesse m\u00f6glichst vieler Sch\u00fcler*innen an physikalischen Ph\u00e4nomenen geweckt werden. Zum anderen sollen die Schulen dazu animiert werden, langfristig eigene MINT-Exponate f\u00fcr die Schulflure zu erstellen.<\/p>\n\n\n\n<p>Terminanfragen k\u00f6nnen unter&nbsp;<a href=\"mailto:MINI-Phaenomenta@MINT-Verden.de\">MINI-Phaenomenta@MINT-Verden.de<\/a>&nbsp;gestellt werden. Ansprechpartner ist Herr G\u00fcnter Osswald.<\/p>\n\n\n\n<p><\/p>\n","protected":false},"excerpt":{"rendered":"<p>Nach einer Idee von Professor Lutz Fiesser der Universit\u00e4t Flensburg sollen Sch\u00fclerinnen und Sch\u00fcler auf den Schulfluren Ph\u00e4nomenen begegnen, ohne dass diese von Lehrern erl\u00e4utert werden. Die eigene Erfahrung im Umgang mit den Exponaten ist eine der haupts\u00e4chlichen Ziele dieser &hellip; <a href=\"https:\/\/mint-verden.de\/?page_id=314\">Weiterlesen <span class=\"meta-nav\">&rarr;<\/span><\/a><\/p>\n","protected":false},"author":1,"featured_media":0,"parent":35,"menu_order":4,"comment_status":"closed","ping_status":"closed","template":"","meta":{"footnotes":""},"class_list":["post-314","page","type-page","status-publish","hentry"],"_links":{"self":[{"href":"https:\/\/mint-verden.de\/index.php?rest_route=\/wp\/v2\/pages\/314","targetHints":{"allow":["GET"]}}],"collection":[{"href":"https:\/\/mint-verden.de\/index.php?rest_route=\/wp\/v2\/pages"}],"about":[{"href":"https:\/\/mint-verden.de\/index.php?rest_route=\/wp\/v2\/types\/page"}],"author":[{"embeddable":true,"href":"https:\/\/mint-verden.de\/index.php?rest_route=\/wp\/v2\/users\/1"}],"replies":[{"embeddable":true,"href":"https:\/\/mint-verden.de\/index.php?rest_route=%2Fwp%2Fv2%2Fcomments&post=314"}],"version-history":[{"count":2,"href":"https:\/\/mint-verden.de\/index.php?rest_route=\/wp\/v2\/pages\/314\/revisions"}],"predecessor-version":[{"id":320,"href":"https:\/\/mint-verden.de\/index.php?rest_route=\/wp\/v2\/pages\/314\/revisions\/320"}],"up":[{"embeddable":true,"href":"https:\/\/mint-verden.de\/index.php?rest_route=\/wp\/v2\/pages\/35"}],"wp:attachment":[{"href":"https:\/\/mint-verden.de\/index.php?rest_route=%2Fwp%2Fv2%2Fmedia&parent=314"}],"curies":[{"name":"wp","href":"https:\/\/api.w.org\/{rel}","templated":true}]}}