{"id":52,"date":"2019-11-19T10:14:37","date_gmt":"2019-11-19T10:14:37","guid":{"rendered":"http:\/\/mint-verden.de\/?page_id=52"},"modified":"2019-11-25T08:02:18","modified_gmt":"2019-11-25T08:02:18","slug":"preise","status":"publish","type":"page","link":"https:\/\/mint-verden.de\/?page_id=52","title":{"rendered":"Preise"},"content":{"rendered":"\n<h2 class=\"wp-block-heading\">Attraktive Preise f\u00fcr helle K\u00f6pfe in jeder Leistungsgruppe<\/h2>\n\n\n\n<p>Die besten Gruppen erhalten<br>1. Platz &#8211; 250 Euro&nbsp;<br>2. Platz &#8211; 175 Euro&nbsp;<br>3. Platz &#8211; 100 Euro<\/p>\n\n\n\n<h2 class=\"wp-block-heading\">Die beste M\u00e4dchengruppe<\/h2>\n\n\n\n<p>Der besten M\u00e4dchengruppe wird der Marie-Curie-Preis verliehen.<\/p>\n\n\n\n<h2 class=\"wp-block-heading\">F\u00fcr die beste Schule<\/h2>\n\n\n\n<p>300 Euro und eine Urkunde f\u00fcr die erfolgreichste Schule in jeder Leistungsgruppe.<\/p>\n","protected":false},"excerpt":{"rendered":"<p>Attraktive Preise f\u00fcr helle K\u00f6pfe in jeder Leistungsgruppe Die besten Gruppen erhalten1. Platz &#8211; 250 Euro&nbsp;2. Platz &#8211; 175 Euro&nbsp;3. Platz &#8211; 100 Euro Die beste M\u00e4dchengruppe Der besten M\u00e4dchengruppe wird der Marie-Curie-Preis verliehen. F\u00fcr die beste Schule 300 Euro &hellip; <a href=\"https:\/\/mint-verden.de\/?page_id=52\">Weiterlesen <span class=\"meta-nav\">&rarr;<\/span><\/a><\/p>\n","protected":false},"author":1,"featured_media":0,"parent":44,"menu_order":19,"comment_status":"closed","ping_status":"closed","template":"","meta":{"footnotes":""},"class_list":["post-52","page","type-page","status-publish","hentry"],"_links":{"self":[{"href":"https:\/\/mint-verden.de\/index.php?rest_route=\/wp\/v2\/pages\/52","targetHints":{"allow":["GET"]}}],"collection":[{"href":"https:\/\/mint-verden.de\/index.php?rest_route=\/wp\/v2\/pages"}],"about":[{"href":"https:\/\/mint-verden.de\/index.php?rest_route=\/wp\/v2\/types\/page"}],"author":[{"embeddable":true,"href":"https:\/\/mint-verden.de\/index.php?rest_route=\/wp\/v2\/users\/1"}],"replies":[{"embeddable":true,"href":"https:\/\/mint-verden.de\/index.php?rest_route=%2Fwp%2Fv2%2Fcomments&post=52"}],"version-history":[{"count":4,"href":"https:\/\/mint-verden.de\/index.php?rest_route=\/wp\/v2\/pages\/52\/revisions"}],"predecessor-version":[{"id":80,"href":"https:\/\/mint-verden.de\/index.php?rest_route=\/wp\/v2\/pages\/52\/revisions\/80"}],"up":[{"embeddable":true,"href":"https:\/\/mint-verden.de\/index.php?rest_route=\/wp\/v2\/pages\/44"}],"wp:attachment":[{"href":"https:\/\/mint-verden.de\/index.php?rest_route=%2Fwp%2Fv2%2Fmedia&parent=52"}],"curies":[{"name":"wp","href":"https:\/\/api.w.org\/{rel}","templated":true}]}}