{"id":523,"date":"2024-07-31T15:31:11","date_gmt":"2024-07-31T15:31:11","guid":{"rendered":"https:\/\/mint-verden.de\/?page_id=523"},"modified":"2024-08-05T12:39:18","modified_gmt":"2024-08-05T12:39:18","slug":"immer-auf-empfang","status":"publish","type":"page","link":"https:\/\/mint-verden.de\/?page_id=523","title":{"rendered":"23. LW: Immer auf Empfang?"},"content":{"rendered":"\n<p>23. Leistungswettbewerb Formel-(Z)ukunft<\/p>\n\n\n\n<p>Neben der aktiven Nutzung von Medien ist eine gewisse Medienkompetenz notwendig, um z. B. Gefahren der Mediennutzung einsch\u00e4tzen zu k\u00f6nnen. Im Laufe der Geschichte wurden unterschiedliche Methoden und Verfahren zur \u00dcbertragung von Informationen entwickelt. Im Mittelpunkt dieses Leistungswettbewerbs steht die Entwicklung der Nachrichten\u00fcbertragung von der Fr\u00fchzeit bis heute, indem sich die Sch\u00fclerinnen und Sch\u00fcler ein Wissen \u00fcber die historische Entwicklung der Nachrichtentechnik erarbeiten, dieses beispielhaft anwenden, kombinieren und variieren.&nbsp;Damit bildet dieser Wettbewerb viele Medienkompetenzen ab, die im nieders\u00e4chsische&nbsp;<em>Orientierungsrahmen Medienbildung<\/em><a href=\"applewebdata:\/\/4612478D-D70B-407C-AE05-5DFB2420098B#_ftn1\"><sup>[1]<\/sup><\/a>aufgef\u00fchrt werden.<\/p>\n\n\n\n<p><strong>Anmeldeschluss:<\/strong> 6. September 2024<\/p>\n\n\n\n<p><strong>Meldung mit Fotos zum Wettbewerbstag:<\/strong> 9. Mai 2025<\/p>\n\n\n\n<p><strong>Wettbewerbstag:<\/strong> 6. Juni 2025<\/p>\n\n\n\n<p>Aufgabenstellung:<\/p>\n\n\n\n<div data-wp-interactive=\"core\/file\" class=\"wp-block-file\"><object data-wp-bind--hidden=\"!state.hasPdfPreview\" hidden class=\"wp-block-file__embed\" data=\"https:\/\/mint-verden.de\/wp-content\/uploads\/2024\/07\/2024_07_30-LW_23_Immer_auf_Empfang_final.pdf\" type=\"application\/pdf\" style=\"width:100%;height:600px\" aria-label=\"Einbettung von 2024_07_30-LW_23_Immer_auf_Empfang_final.\"><\/object><a id=\"wp-block-file--media-81c1ea39-4598-4c3f-a146-907f6e9f6c9c\" href=\"https:\/\/mint-verden.de\/wp-content\/uploads\/2024\/07\/2024_07_30-LW_23_Immer_auf_Empfang_final.pdf\">2024_07_30-LW_23_Immer_auf_Empfang_final<\/a><a href=\"https:\/\/mint-verden.de\/wp-content\/uploads\/2024\/07\/2024_07_30-LW_23_Immer_auf_Empfang_final.pdf\" class=\"wp-block-file__button wp-element-button\" download aria-describedby=\"wp-block-file--media-81c1ea39-4598-4c3f-a146-907f6e9f6c9c\">Herunterladen<\/a><\/div>\n\n\n\n<p>Anmeldedatei: <\/p>\n\n\n\n<div class=\"wp-block-file\"><a id=\"wp-block-file--media-ebac5dbb-ddb3-4b4c-9e09-57f99dbf6a4f\" href=\"https:\/\/mint-verden.de\/wp-content\/uploads\/2024\/08\/2024-08-05-FormelZ-Anmeldungen-zum-23-LW.xlsx\">2024-08-05-FormelZ-Anmeldungen-zum-23-LW<\/a><a href=\"https:\/\/mint-verden.de\/wp-content\/uploads\/2024\/08\/2024-08-05-FormelZ-Anmeldungen-zum-23-LW.xlsx\" class=\"wp-block-file__button wp-element-button\" download aria-describedby=\"wp-block-file--media-ebac5dbb-ddb3-4b4c-9e09-57f99dbf6a4f\">Herunterladen<\/a><\/div>\n\n\n\n<p>Plakat:<\/p>\n\n\n\n<div data-wp-interactive=\"core\/file\" class=\"wp-block-file\"><object data-wp-bind--hidden=\"!state.hasPdfPreview\" hidden class=\"wp-block-file__embed\" data=\"https:\/\/mint-verden.de\/wp-content\/uploads\/2024\/07\/Plakat_A3_2025.pdf\" type=\"application\/pdf\" style=\"width:100%;height:600px\" aria-label=\"Einbettung von Plakat_A3_2025.\"><\/object><a id=\"wp-block-file--media-c80b180b-8e47-41c1-b501-37f26abfe9f2\" href=\"https:\/\/mint-verden.de\/wp-content\/uploads\/2024\/07\/Plakat_A3_2025.pdf\">Plakat_A3_2025<\/a><a href=\"https:\/\/mint-verden.de\/wp-content\/uploads\/2024\/07\/Plakat_A3_2025.pdf\" class=\"wp-block-file__button wp-element-button\" download aria-describedby=\"wp-block-file--media-c80b180b-8e47-41c1-b501-37f26abfe9f2\">Herunterladen<\/a><\/div>\n\n\n\n<hr class=\"wp-block-separator has-alpha-channel-opacity\"\/>\n\n\n\n<p><a href=\"applewebdata:\/\/4612478D-D70B-407C-AE05-5DFB2420098B#_ftnref1\"><sup>[1]<\/sup><\/a>&nbsp;Link (26.10.2023): https:\/\/bildungsportal-niedersachsen.de\/digitale-welt\/medienbildung\/vorgaben\/orientierungsrahmen-medienbildung<\/p>\n","protected":false},"excerpt":{"rendered":"<p>23. Leistungswettbewerb Formel-(Z)ukunft Neben der aktiven Nutzung von Medien ist eine gewisse Medienkompetenz notwendig, um z. B. Gefahren der Mediennutzung einsch\u00e4tzen zu k\u00f6nnen. Im Laufe der Geschichte wurden unterschiedliche Methoden und Verfahren zur \u00dcbertragung von Informationen entwickelt. Im Mittelpunkt dieses &hellip; <a href=\"https:\/\/mint-verden.de\/?page_id=523\">Weiterlesen <span class=\"meta-nav\">&rarr;<\/span><\/a><\/p>\n","protected":false},"author":1,"featured_media":0,"parent":44,"menu_order":12,"comment_status":"closed","ping_status":"closed","template":"","meta":{"footnotes":""},"class_list":["post-523","page","type-page","status-publish","hentry"],"_links":{"self":[{"href":"https:\/\/mint-verden.de\/index.php?rest_route=\/wp\/v2\/pages\/523","targetHints":{"allow":["GET"]}}],"collection":[{"href":"https:\/\/mint-verden.de\/index.php?rest_route=\/wp\/v2\/pages"}],"about":[{"href":"https:\/\/mint-verden.de\/index.php?rest_route=\/wp\/v2\/types\/page"}],"author":[{"embeddable":true,"href":"https:\/\/mint-verden.de\/index.php?rest_route=\/wp\/v2\/users\/1"}],"replies":[{"embeddable":true,"href":"https:\/\/mint-verden.de\/index.php?rest_route=%2Fwp%2Fv2%2Fcomments&post=523"}],"version-history":[{"count":3,"href":"https:\/\/mint-verden.de\/index.php?rest_route=\/wp\/v2\/pages\/523\/revisions"}],"predecessor-version":[{"id":536,"href":"https:\/\/mint-verden.de\/index.php?rest_route=\/wp\/v2\/pages\/523\/revisions\/536"}],"up":[{"embeddable":true,"href":"https:\/\/mint-verden.de\/index.php?rest_route=\/wp\/v2\/pages\/44"}],"wp:attachment":[{"href":"https:\/\/mint-verden.de\/index.php?rest_route=%2Fwp%2Fv2%2Fmedia&parent=523"}],"curies":[{"name":"wp","href":"https:\/\/api.w.org\/{rel}","templated":true}]}}